{"id":1139,"date":"2020-08-05T09:14:01","date_gmt":"2020-08-05T07:14:01","guid":{"rendered":"http:\/\/deloin.fr\/blog\/?page_id=1139"},"modified":"2023-11-17T09:52:37","modified_gmt":"2023-11-17T08:52:37","slug":"un-cv-pour-un-stage","status":"publish","type":"page","link":"http:\/\/deloin.fr\/blog\/un-cv-pour-un-stage\/","title":{"rendered":"CV : Fournir les informations essentielles"},"content":{"rendered":"\n<p>Un CV doit \u00eatre travaill\u00e9 ou retravaill\u00e9 en fonction de vos objectifs et du destinataire. Il n&rsquo;y a pas de CV parfait dans l&rsquo;absolu, mais des CVs qui correspondent bien au poste propos\u00e9 ou au stage possible, \u00e9crits par des candidats qui comprennent bien la demande. Le CV n&rsquo;est donc pas d\u00e9finitif, il doit \u00eatre travaill\u00e9 dans le m\u00eame esprit qu&rsquo;une lettre de motivation. Que fait l&rsquo;entreprise ? En quoi consiste le poste que je veux y exercer ? Le candidat oriente les informations qu&rsquo;il donne sur le CV en fonction de \u00e7a.<\/p>\n\n\n\n<blockquote class=\"wp-block-quote is-layout-flow wp-block-quote-is-layout-flow\">\n<p>Selon <a rel=\"noreferrer noopener\" aria-label=\"une \u00e9tude am\u00e9ricaine (s\u2019ouvre dans un nouvel onglet)\" href=\"https:\/\/www.cadremploi.fr\/editorial\/conseils\/conseils-candidature\/cv\/detail\/article\/cv-les-trucs-pour-focaliser-lattention-du-recruteur.html\" target=\"_blank\">une \u00e9tude am\u00e9ricaine<\/a>, un employeur prend en moyenne 6 secondes pour lire un CV.<\/p>\n<cite><a href=\"https:\/\/www.cadremploi.fr\/editorial\/conseils\/conseils-candidature\/cv\/detail\/article\/cv-les-trucs-pour-focaliser-lattention-du-recruteur.html\" target=\"_blank\" rel=\"noreferrer noopener\">https:\/\/www.cadremploi.fr\/editorial\/conseils\/conseils-candidature\/cv\/detail\/article\/cv-les-trucs-pour-focaliser-lattention-du-recruteur.html<\/a><\/cite><\/blockquote>\n\n\n\n<p>Le CV pour une recherche de stage n&rsquo;est pas organis\u00e9 comme celui pour une demande d&rsquo;immersion pour une reconversion (PMSMP de P\u00f4le Emploi) ou comme celui pour r\u00e9pondre \u00e0 une offre d&#8217;emploi sur une offre d\u00e9termin\u00e9e. Il va accompagner une lettre de motivation sur une candidature spontan\u00e9e. Le stage se fera sur un poste pr\u00e9cis pour des activit\u00e9s pr\u00e9cises (activit\u00e9s types pour les r\u00e9f\u00e9rentiels d&rsquo;activit\u00e9).<\/p>\n\n\n\n<ul class=\"wp-block-list\">\n<li>Le CV doit tenir sur un recto A4<\/li>\n\n\n\n<li>Il doit mettre tout de suite en avant les informations importantes :\n<ul class=\"wp-block-list\">\n<li>L&rsquo;objectif du CV en titre : <br>\u00ab\u00a0Recherche de P\u00e9riode en Entreprise sur le poste de &#8230;\u00a0\u00bb<\/li>\n\n\n\n<li>La formation en cours bien d\u00e9crite.<\/li>\n\n\n\n<li>Les comp\u00e9tences et qualit\u00e9s en rapport avec le poste vis\u00e9 et non pas toutes celles que vous avez.<\/li>\n\n\n\n<li>Les exp\u00e9riences professionnelles dat\u00e9es mais on ne d\u00e9taille que celles en rapport avec les comp\u00e9tences du poste vis\u00e9.<\/li>\n<\/ul>\n<\/li>\n<\/ul>\n\n\n\n<hr class=\"wp-block-separator has-css-opacity\"\/>\n\n\n\n<h2 class=\"wp-block-heading\">Les conseils sur internet :<\/h2>\n\n\n\n<figure class=\"wp-block-embed is-type-wp-embed is-provider-esas-formation wp-block-embed-esas-formation\"><div class=\"wp-block-embed__wrapper\">\n<blockquote class=\"wp-embedded-content\" data-secret=\"0GI90m1mUz\"><a href=\"https:\/\/www.esas-formation.fr\/actualites\/quels-sont-les-differents-types-de-cv-et-lequel-choisir\">Quels sont les diff\u00e9rents types de CV et lequel choisir ?<\/a><\/blockquote><iframe loading=\"lazy\" class=\"wp-embedded-content\" sandbox=\"allow-scripts\" security=\"restricted\" style=\"position: absolute; clip: rect(1px, 1px, 1px, 1px);\" title=\"\u00ab\u00a0Quels sont les diff\u00e9rents types de CV et lequel choisir ?\u00a0\u00bb &#8212; ESAS Formation\" src=\"https:\/\/www.esas-formation.fr\/actualites\/quels-sont-les-differents-types-de-cv-et-lequel-choisir\/embed#?secret=QXSCX4ux5g#?secret=0GI90m1mUz\" data-secret=\"0GI90m1mUz\" width=\"600\" height=\"338\" frameborder=\"0\" marginwidth=\"0\" marginheight=\"0\" scrolling=\"no\"><\/iframe>\n<\/div><\/figure>\n\n\n\n<h2 class=\"wp-block-heading\">Quel outil utiliser ?<\/h2>\n\n\n\n<p>Plusieurs sites en ligne peuvent vous assister pour mettre en page de beaux CVs.<\/p>\n\n\n\n<blockquote class=\"wp-block-quote is-layout-flow wp-block-quote-is-layout-flow\">\n<p><a href=\"https:\/\/www.canva.com\/\" target=\"_blank\" rel=\"noreferrer noopener\">https:\/\/www.canva.com\/<\/a><\/p>\n<cite>Les mod\u00e8les de CVs propos\u00e9s sur Canva sont modernes . On peut t\u00e9l\u00e9charger les CVs r\u00e9alis\u00e9s au format pdf.<\/cite><\/blockquote>\n\n\n\n<p>Les CVs g\u00e9n\u00e9r\u00e9s par le logiciel de P\u00f4le Emploi sont souvent trop longs. Il est important que les comp\u00e9tences d\u00e9crites soient r\u00e9dig\u00e9es avec vos propres mots et non pas une longue liste copi\u00e9e coll\u00e9e.<\/p>\n\n\n\n<blockquote class=\"wp-block-quote is-layout-flow wp-block-quote-is-layout-flow\">\n<p><a rel=\"noreferrer noopener\" href=\"https:\/\/www.microsoft.com\/fr-fr\/microsoft-365\/free-office-online-for-the-web\" target=\"_blank\">https:\/\/www.microsoft.com\/fr-fr\/microsoft-365\/free-office-online-for-the-web<\/a><\/p>\n<cite> On peut aussi partir de mod\u00e8les cr\u00e9\u00e9s dans un traitement de texte. Aujourd&rsquo;hui le logiciel Word est devenu gratuit dans sa version en ligne 365 :<\/cite><\/blockquote>\n\n\n\n<p>Un mod\u00e8le de CV possible, il s&rsquo;agit l\u00e0 d&rsquo;une demande pour des formations \u00ab\u00a0peintre industriel\u00a0\u00bb : <a href=\"http:\/\/deloin.fr\/blog\/wp-content\/uploads\/2020\/08\/cv-peintre-industriel.docx\">CV \u00e0 t\u00e9l\u00e9charger en Word<\/a>. Pour les comp\u00e9tences se r\u00e9f\u00e9rer \u00e0 la fiche Rome de son m\u00e9tier.<\/p>\n\n\n\n<p>Pour les Op\u00e9rateurs r\u00e9gleur en usinage assist\u00e9 par ordinateur :<\/p>\n\n\n\n<p><a href=\"http:\/\/deloin.fr\/blog\/wp-content\/uploads\/2020\/08\/cv-oru.docx\">CV ORU en .doc<\/a><\/p>\n\n\n\n<p><a href=\"http:\/\/deloin.fr\/blog\/wp-content\/uploads\/2020\/08\/Rome_H2903.pdf\">Fiche Rome ORU en pdf<\/a><\/p>\n","protected":false},"excerpt":{"rendered":"<p>Un CV doit \u00eatre travaill\u00e9 ou retravaill\u00e9 en fonction de vos objectifs et du destinataire. Il n&rsquo;y a pas de &hellip; <a href=\"http:\/\/deloin.fr\/blog\/un-cv-pour-un-stage\/\" class=\"more-link\">Continuer la lecture<span class=\"screen-reader-text\"> de &laquo;&nbsp;CV : Fournir les informations essentielles&nbsp;&raquo;<\/span><\/a><\/p>\n","protected":false},"author":1,"featured_media":0,"parent":0,"menu_order":0,"comment_status":"closed","ping_status":"closed","template":"","meta":{"_bbp_topic_count":0,"_bbp_reply_count":0,"_bbp_total_topic_count":0,"_bbp_total_reply_count":0,"_bbp_voice_count":0,"_bbp_anonymous_reply_count":0,"_bbp_topic_count_hidden":0,"_bbp_reply_count_hidden":0,"_bbp_forum_subforum_count":0,"footnotes":""},"class_list":["post-1139","page","type-page","status-publish","hentry"],"_links":{"self":[{"href":"http:\/\/deloin.fr\/blog\/wp-json\/wp\/v2\/pages\/1139","targetHints":{"allow":["GET"]}}],"collection":[{"href":"http:\/\/deloin.fr\/blog\/wp-json\/wp\/v2\/pages"}],"about":[{"href":"http:\/\/deloin.fr\/blog\/wp-json\/wp\/v2\/types\/page"}],"author":[{"embeddable":true,"href":"http:\/\/deloin.fr\/blog\/wp-json\/wp\/v2\/users\/1"}],"replies":[{"embeddable":true,"href":"http:\/\/deloin.fr\/blog\/wp-json\/wp\/v2\/comments?post=1139"}],"version-history":[{"count":16,"href":"http:\/\/deloin.fr\/blog\/wp-json\/wp\/v2\/pages\/1139\/revisions"}],"predecessor-version":[{"id":1646,"href":"http:\/\/deloin.fr\/blog\/wp-json\/wp\/v2\/pages\/1139\/revisions\/1646"}],"wp:attachment":[{"href":"http:\/\/deloin.fr\/blog\/wp-json\/wp\/v2\/media?parent=1139"}],"curies":[{"name":"wp","href":"https:\/\/api.w.org\/{rel}","templated":true}]}}