{"id":1153,"date":"2020-09-23T16:51:36","date_gmt":"2020-09-23T14:51:36","guid":{"rendered":"http:\/\/deloin.fr\/blog\/?page_id=1153"},"modified":"2025-02-13T12:41:35","modified_gmt":"2025-02-13T11:41:35","slug":"comment-chercher-sur-internet","status":"publish","type":"page","link":"http:\/\/deloin.fr\/blog\/comment-chercher-sur-internet\/","title":{"rendered":"4 &#8211; Trouver une entreprise"},"content":{"rendered":"\n<h1 class=\"wp-block-heading\"><strong>Explorer mon territoire<\/strong><\/h1>\n\n\n\n<blockquote class=\"wp-block-quote is-layout-flow wp-block-quote-is-layout-flow\">\n<p>L&rsquo;\u00e9conomie du Grand Ch\u00e2tellerault<\/p>\n<cite><a href=\"https:\/\/economie.grand-chatellerault.fr\/ressources\/annuaire-entreprises\" target=\"_blank\" rel=\"noreferrer noopener\">https:\/\/economie.grand-chatellerault.fr\/ressources\/annuaire-entreprises<\/a><\/cite><\/blockquote>\n\n\n\n<blockquote class=\"wp-block-quote is-layout-flow wp-block-quote-is-layout-flow\">\n<p>Commencer simplement avec les pages jaunes<\/p>\n<cite><a href=\"https:\/\/www.pagesjaunes.fr\/\" target=\"_blank\" rel=\"noreferrer noopener\">https:\/\/www.pagesjaunes.fr\/<\/a><\/cite><\/blockquote>\n\n\n\n<blockquote class=\"wp-block-quote is-style-default has-medium-font-size is-layout-flow wp-block-quote-is-layout-flow\">\n<p>La Bonne Bo\u00eete, outil de recherche indispensable qui donne le nom des entreprises qui ont \u00e9mis des offres sur le m\u00e9tier que vous recherchez. On peut avoir une approche de proximit\u00e9 g\u00e9ographique et postuler en lien avec son espace personnel de P\u00f4le Emploi.<\/p>\n<cite><a href=\"https:\/\/labonneboite.francetravail.fr\/\" target=\"_blank\" rel=\"noreferrer noopener\">https:\/\/labonneboite.francetravail.fr\/<\/a><\/cite><\/blockquote>\n\n\n\n<blockquote class=\"wp-block-quote is-layout-flow wp-block-quote-is-layout-flow\">\n<p>Le site de P\u00f4le Emploi, observer les offres m\u00eame si vous ne vous portez pas candidat tout de suite. Fa\u00eetes \u00e9voluer votre espace personnel en mettant plusieurs m\u00e9tiers en avant, plusieurs cartes de visite.<\/p>\n<cite><a href=\"https:\/\/authentification-candidat.pole-emploi.fr\/connexion\/XUI\/?realm=%2Findividu&amp;goto=https%3A%2F%2Fauthentification-candidat.pole-emploi.fr%3A443%2Fconnexion%2Foauth2%2Frealms%2Froot%2Frealms%2Findividu%2Fauthorize%3Frealm%3D%252Findividu%26response_type%3Did_token%2520token%26scope%3Dopenid%2520compteUsager%2520profile%2520contexteAuthentification%2520email%2520courrier%2520notifications%2520etatcivil%2520logW%2520individu%2520pilote%2520nomenclature%2520coordonnees%2520navigation%2520reclamation%2520prdvl%2520idIdentiteExterne%2520pole_emploi%2520suggestions%2520actu%2520application_USG_PN073-tdbcandidat_6408B42F17FC872440D4FF01BA6BAB16999CD903772C528808D1E6FA2B585CF2%26client_id%3DUSG_PN073-tdbcandidat_6408B42F17FC872440D4FF01BA6BAB16999CD903772C528808D1E6FA2B585CF2%26state%3DDzZ3eZpOyrE1olC5%26nonce%3DTyIJNICMAjtKO5OQ%26redirect_uri%3Dhttps%253A%252F%252Fcandidat.pole-emploi.fr%252Fespacepersonnel%252F#login\/\" target=\"_blank\" rel=\"noreferrer noopener\">connexion candidat<\/a><\/cite><\/blockquote>\n\n\n\n<blockquote class=\"wp-block-quote is-layout-flow wp-block-quote-is-layout-flow\">\n<p>Annuaire des entreprises en France :<\/p>\n<cite><a href=\"https:\/\/www.pagespro.com\/\" target=\"_blank\" rel=\"noreferrer noopener\">https:\/\/www.pagespro.com\/<\/a><\/cite><\/blockquote>\n\n\n\n<blockquote class=\"wp-block-quote is-layout-flow wp-block-quote-is-layout-flow\">\n<p>Pappers et societe.com trouver le statut d&rsquo;une entreprise<\/p>\n\n\n\n<p><a href=\"https:\/\/www.pappers.fr\" target=\"_blank\" rel=\"noreferrer noopener\">https:\/\/www.pappers.fr<\/a><\/p>\n\n\n\n<p><a href=\"https:\/\/www.societe.com\" target=\"_blank\" rel=\"noreferrer noopener\">https:\/\/www.societe.com<\/a><\/p>\n<\/blockquote>\n\n\n\n<blockquote class=\"wp-block-quote is-layout-flow wp-block-quote-is-layout-flow\">\n<p>Talents d&rsquo;ici en Nouvelle Aquitaine<\/p>\n<cite><a href=\"https:\/\/www.talentsdici.fr\/\" target=\"_blank\" rel=\"noreferrer noopener\">https:\/\/www.talentsdici.fr\/<\/a><\/cite><\/blockquote>\n\n\n\n<blockquote class=\"wp-block-quote is-layout-flow wp-block-quote-is-layout-flow\">\n<p>Emploi Territorial<\/p>\n<cite><a href=\"https:\/\/www.emploi-territorial.fr\/\" target=\"_blank\" rel=\"noreferrer noopener\">https:\/\/www.emploi-territorial.fr\/<\/a><\/cite><\/blockquote>\n\n\n\n<blockquote class=\"wp-block-quote is-layout-flow wp-block-quote-is-layout-flow\">\n<p>CAP M\u00e9tiers Nouvelle Aquitaine<\/p>\n<cite><a href=\"https:\/\/www.cap-metiers.fr\/\">https:\/\/www.cap-metiers.fr\/<\/a><\/cite><\/blockquote>\n\n\n\n<h2 class=\"wp-block-heading\">Comment chercher sur Internet<\/h2>\n\n\n\n<h3 class=\"wp-block-heading\"><strong>Google est le moteur de recherche le plus efficace, \u00e0 utiliser sur Google Chrome de pr\u00e9f\u00e9rence.<\/strong><\/h3>\n\n\n\n<blockquote class=\"wp-block-quote is-layout-flow wp-block-quote-is-layout-flow\">\n<p><a href=\"https:\/\/www.lemonde.fr\/campus\/article\/2016\/04\/26\/conseils-pour-faire-une-recherche-sur-internet_4909157_4401467.html\" target=\"_blank\" rel=\"noreferrer noopener\">https:\/\/www.lemonde.fr\/campus\/article\/2016\/04\/26\/conseils-pour-faire-une-recherche-sur-internet_4909157_4401467.html<\/a><\/p>\n<cite>Le journal \u00ab\u00a0Le Monde\u00a0\u00bb explique comment utiliser efficacement Google.<\/cite><\/blockquote>\n\n\n\n<blockquote class=\"wp-block-quote is-layout-flow wp-block-quote-is-layout-flow\">\n<p><a href=\"https:\/\/www.codeur.com\/blog\/google-operateurs-affiner-recherches\/\" target=\"_blank\" rel=\"noreferrer noopener\">https:\/\/www.codeur.com\/blog\/google-operateurs-affiner-recherches\/<\/a><\/p>\n<cite>Les sept op\u00e9rateurs bool\u00e9ens principaux pour Google<\/cite><\/blockquote>\n\n\n\n<p class=\"has-text-align-center\" style=\"font-size:-1px\"><strong>filetype:<\/strong><br>type de fichiers exemple : filetype:pdf<br><br><strong>\u00a0\u00bb \u00a0\u00bb <\/strong><br><em>expression entre guillemets :<\/em> \u00ab\u00a0La bonne aventure\u00a0\u00bb<br><br><strong>*<\/strong><br><strong> <\/strong>Ast\u00e9risque exemple : les * mouchoirs<br><br><strong>&#8211; <\/strong><br>le signe moins exemple : <br><br><strong>site: <\/strong><br>un site en particulier (nom de domaine)<br><br><strong>Or<\/strong><br>comparaison<br><br><strong>before after<\/strong><br>un \u00e9l\u00e9ment avant ou apr\u00e8s un autre \u00e9l\u00e9ment<\/p>\n\n\n\n<blockquote class=\"wp-block-quote is-layout-flow wp-block-quote-is-layout-flow\">\n<p><a href=\"https:\/\/www.blogdumoderateur.com\/operateurs-recherche-google\/\" target=\"_blank\" rel=\"noreferrer noopener\">https:\/\/www.blogdumoderateur.com\/operateurs-recherche-google\/<\/a><\/p>\n<cite>Les 27 op\u00e9rateurs bool\u00e9ens.<\/cite><\/blockquote>\n\n\n\n<p><\/p>\n","protected":false},"excerpt":{"rendered":"<p>Explorer mon territoire L&rsquo;\u00e9conomie du Grand Ch\u00e2tellerault https:\/\/economie.grand-chatellerault.fr\/ressources\/annuaire-entreprises Commencer simplement avec les pages jaunes https:\/\/www.pagesjaunes.fr\/ La Bonne Bo\u00eete, outil de &hellip; <a href=\"http:\/\/deloin.fr\/blog\/comment-chercher-sur-internet\/\" class=\"more-link\">Continuer la lecture<span class=\"screen-reader-text\"> de &laquo;&nbsp;4 &#8211; Trouver une entreprise&nbsp;&raquo;<\/span><\/a><\/p>\n","protected":false},"author":1,"featured_media":0,"parent":0,"menu_order":0,"comment_status":"closed","ping_status":"closed","template":"","meta":{"_bbp_topic_count":0,"_bbp_reply_count":0,"_bbp_total_topic_count":0,"_bbp_total_reply_count":0,"_bbp_voice_count":0,"_bbp_anonymous_reply_count":0,"_bbp_topic_count_hidden":0,"_bbp_reply_count_hidden":0,"_bbp_forum_subforum_count":0,"footnotes":""},"class_list":["post-1153","page","type-page","status-publish","hentry"],"_links":{"self":[{"href":"http:\/\/deloin.fr\/blog\/wp-json\/wp\/v2\/pages\/1153","targetHints":{"allow":["GET"]}}],"collection":[{"href":"http:\/\/deloin.fr\/blog\/wp-json\/wp\/v2\/pages"}],"about":[{"href":"http:\/\/deloin.fr\/blog\/wp-json\/wp\/v2\/types\/page"}],"author":[{"embeddable":true,"href":"http:\/\/deloin.fr\/blog\/wp-json\/wp\/v2\/users\/1"}],"replies":[{"embeddable":true,"href":"http:\/\/deloin.fr\/blog\/wp-json\/wp\/v2\/comments?post=1153"}],"version-history":[{"count":23,"href":"http:\/\/deloin.fr\/blog\/wp-json\/wp\/v2\/pages\/1153\/revisions"}],"predecessor-version":[{"id":1785,"href":"http:\/\/deloin.fr\/blog\/wp-json\/wp\/v2\/pages\/1153\/revisions\/1785"}],"wp:attachment":[{"href":"http:\/\/deloin.fr\/blog\/wp-json\/wp\/v2\/media?parent=1153"}],"curies":[{"name":"wp","href":"https:\/\/api.w.org\/{rel}","templated":true}]}}