{"id":1216,"date":"2023-03-04T12:38:20","date_gmt":"2023-03-04T11:38:20","guid":{"rendered":"http:\/\/deloin.fr\/blog\/?page_id=1216"},"modified":"2024-06-07T12:01:26","modified_gmt":"2024-06-07T10:01:26","slug":"5-vers-lemploi","status":"publish","type":"page","link":"http:\/\/deloin.fr\/blog\/5-vers-lemploi\/","title":{"rendered":"5 &#8211; Vers les offres d&#8217;emplois"},"content":{"rendered":"\n<h3 class=\"wp-block-heading\">O\u00f9 chercher ?<\/h3>\n\n\n\n<p>Sur Internet, dans les bo\u00eetes d&rsquo;int\u00e9rim, en candidature spontan\u00e9e, par cooptation.<\/p>\n\n\n\n<p><strong>Quel type d&#8217;emploi vais-je trouver ?<\/strong><\/p>\n\n\n\n<figure class=\"wp-block-table\"><table><tbody><tr><td>Emploi Store explorer les offres<\/td><td>On peut se connecter avec ses identifiants P\u00f4le Emploi<\/td><td><a href=\"https:\/\/www.emploi-store.fr\/portail\/accueil\" target=\"_blank\" rel=\"noreferrer noopener\">https:\/\/www.emploi-store.fr\/portail\/accueil<\/a><\/td><\/tr><\/tbody><\/table><\/figure>\n\n\n\n<figure class=\"wp-block-table\"><table><tbody><tr><td>Emploi 86<\/td><td>L&#8217;emploi dans la Vienne<\/td><td><a href=\"https:\/\/www.emploi86.com\/\" target=\"_blank\" rel=\"noreferrer noopener\">https:\/\/www.emploi86.com\/<\/a><\/td><\/tr><\/tbody><\/table><\/figure>\n\n\n\n<h4 class=\"wp-block-heading\">G\u00e9n\u00e9ralistes<\/h4>\n\n\n\n<blockquote class=\"wp-block-quote is-layout-flow wp-block-quote-is-layout-flow\">\n<p><a href=\"https:\/\/fr.indeed.com\/\" target=\"_blank\" rel=\"noreferrer noopener\">https:\/\/fr.indeed.com\/<\/a><\/p>\n<cite>indeed<\/cite><\/blockquote>\n\n\n\n<blockquote class=\"wp-block-quote is-layout-flow wp-block-quote-is-layout-flow\">\n<p><a href=\"https:\/\/www.hellowork.com\/fr-fr\/\" target=\"_blank\" rel=\"noreferrer noopener\">https:\/\/www.hellowork.com\/fr-fr\/<\/a><\/p>\n<cite>HelloWork<\/cite><\/blockquote>\n\n\n\n<blockquote class=\"wp-block-quote is-layout-flow wp-block-quote-is-layout-flow\">\n<p><a href=\"https:\/\/www.jobijoba.com\/fr\/\" target=\"_blank\" rel=\"noreferrer noopener\">https:\/\/www.jobijoba.com\/fr\/<\/a><\/p>\n<cite>JobiJoba<\/cite><\/blockquote>\n\n\n\n<blockquote class=\"wp-block-quote is-layout-flow wp-block-quote-is-layout-flow\">\n<p><a href=\"https:\/\/www.monster.fr\/\">https:\/\/www.monster.fr\/<\/a><\/p>\n<cite>Monster<\/cite><\/blockquote>\n\n\n\n<blockquote class=\"wp-block-quote is-layout-flow wp-block-quote-is-layout-flow\">\n<p><a href=\"https:\/\/emploi.lefigaro.fr\/#home\">https:\/\/emploi.lefigaro.fr\/#home<\/a><\/p>\n<cite>Keljob \/ Le Figaro Emploi<\/cite><\/blockquote>\n\n\n\n<blockquote class=\"wp-block-quote is-layout-flow wp-block-quote-is-layout-flow\">\n<p><a href=\"https:\/\/www.meteojob.com\/\" target=\"_blank\" rel=\"noreferrer noopener\">https:\/\/www.meteojob.com\/<\/a><\/p>\n<cite>Meteojob &#8211; Visiotalent<\/cite><\/blockquote>\n\n\n\n<blockquote class=\"wp-block-quote is-layout-flow wp-block-quote-is-layout-flow\">\n<p><a href=\"https:\/\/www.welcometothejungle.com\/fr\" target=\"_blank\" rel=\"noreferrer noopener\">https:\/\/www.welcometothejungle.com\/fr<\/a><\/p>\n<cite>Welcome to the Jungle France<\/cite><\/blockquote>\n\n\n\n<blockquote class=\"wp-block-quote is-layout-flow wp-block-quote-is-layout-flow\">\n<p><a href=\"https:\/\/fr.linkedin.com\/jobs\" target=\"_blank\" rel=\"noreferrer noopener\">https:\/\/fr.linkedin.com\/jobs<\/a><\/p>\n<cite>Linkedin<\/cite><\/blockquote>\n\n\n\n<blockquote class=\"wp-block-quote is-layout-flow wp-block-quote-is-layout-flow\">\n<p><a href=\"https:\/\/fr.jooble.org\/\" target=\"_blank\" rel=\"noreferrer noopener\">https:\/\/fr.jooble.org\/<\/a><\/p>\n<cite>Jooble<\/cite><\/blockquote>\n\n\n\n<blockquote class=\"wp-block-quote is-layout-flow wp-block-quote-is-layout-flow\">\n<p><a href=\"https:\/\/www.optioncarriere.com\/\" target=\"_blank\" rel=\"noreferrer noopener\">https:\/\/www.optioncarriere.com\/<\/a><\/p>\n<cite>Optioncarriere<\/cite><\/blockquote>\n\n\n\n<h4 class=\"wp-block-heading\">Cadres<\/h4>\n\n\n\n<blockquote class=\"wp-block-quote is-layout-flow wp-block-quote-is-layout-flow\">\n<p><a href=\"https:\/\/www.cadremploi.fr\/emploi\/liste_offres\" target=\"_blank\" rel=\"noreferrer noopener\">https:\/\/www.cadremploi.fr\/emploi\/liste_offres<\/a><\/p>\n<cite>Cadremploi<\/cite><\/blockquote>\n\n\n\n<blockquote class=\"wp-block-quote is-layout-flow wp-block-quote-is-layout-flow\">\n<p><a href=\"https:\/\/www.apec.fr\/candidat.html\" target=\"_blank\" rel=\"noreferrer noopener\">https:\/\/www.apec.fr\/candidat.html<\/a><\/p>\n<cite>Apec<\/cite><\/blockquote>\n\n\n\n<h4 class=\"wp-block-heading\">Startups qui recrutent<\/h4>\n\n\n\n<blockquote class=\"wp-block-quote is-layout-flow wp-block-quote-is-layout-flow\">\n<p><a href=\"https:\/\/maddyjobs.com\/jobs\" target=\"_blank\" rel=\"noreferrer noopener\">https:\/\/maddyjobs.com\/jobs<\/a><\/p>\n<cite>Maddyjobs<\/cite><\/blockquote>\n\n\n\n<h4 class=\"wp-block-heading\">M\u00e9tiers de l&rsquo;informatique et du Digital<\/h4>\n\n\n\n<blockquote class=\"wp-block-quote is-layout-flow wp-block-quote-is-layout-flow\">\n<p><a href=\"https:\/\/www.lesjeudis.com\/\" target=\"_blank\" rel=\"noreferrer noopener\">https:\/\/www.lesjeudis.com\/<\/a><\/p>\n<cite>LesJeudis<\/cite><\/blockquote>\n\n\n\n<blockquote class=\"wp-block-quote is-layout-flow wp-block-quote-is-layout-flow\">\n<p><a href=\"https:\/\/www.chooseyourboss.com\/\" target=\"_blank\" rel=\"noreferrer noopener\">https:\/\/www.chooseyourboss.com\/<\/a><\/p>\n<cite>ChooseYourBoss<\/cite><\/blockquote>\n\n\n\n<h4 class=\"wp-block-heading\">M\u00e9tiers de l&rsquo;environnement<\/h4>\n\n\n\n<blockquote class=\"wp-block-quote is-layout-flow wp-block-quote-is-layout-flow\">\n<p><a href=\"https:\/\/jobs.makesense.org\/fr\">https:\/\/jobs.makesense.org\/fr<\/a><\/p>\n<cite>Trouver un emploi \u00e0 impact positif<\/cite><\/blockquote>\n\n\n\n<blockquote class=\"wp-block-quote is-layout-flow wp-block-quote-is-layout-flow\">\n<p><a href=\"https:\/\/howimetyourplanet.fr\/\">https:\/\/howimetyourplanet.fr\/<\/a><\/p>\n<cite>How i meet your planet<\/cite><\/blockquote>\n\n\n\n<blockquote class=\"wp-block-quote is-layout-flow wp-block-quote-is-layout-flow\">\n<p><a href=\"https:\/\/orientationdurable.com\/\">https:\/\/orientationdurable.com\/<\/a><\/p>\n<cite>Orientation Durable<\/cite><\/blockquote>\n\n\n\n<blockquote class=\"wp-block-quote is-layout-flow wp-block-quote-is-layout-flow\">\n<p><a href=\"https:\/\/www.emploi-environnement.com\/\">https:\/\/www.emploi-environnement.com\/<\/a><\/p>\n<cite>Emploi Environnement<\/cite><\/blockquote>\n","protected":false},"excerpt":{"rendered":"<p>O\u00f9 chercher ? Sur Internet, dans les bo\u00eetes d&rsquo;int\u00e9rim, en candidature spontan\u00e9e, par cooptation. Quel type d&#8217;emploi vais-je trouver ? &hellip; <a href=\"http:\/\/deloin.fr\/blog\/5-vers-lemploi\/\" class=\"more-link\">Continuer la lecture<span class=\"screen-reader-text\"> de &laquo;&nbsp;5 &#8211; Vers les offres d&#8217;emplois&nbsp;&raquo;<\/span><\/a><\/p>\n","protected":false},"author":1,"featured_media":0,"parent":0,"menu_order":0,"comment_status":"closed","ping_status":"closed","template":"","meta":{"_bbp_topic_count":0,"_bbp_reply_count":0,"_bbp_total_topic_count":0,"_bbp_total_reply_count":0,"_bbp_voice_count":0,"_bbp_anonymous_reply_count":0,"_bbp_topic_count_hidden":0,"_bbp_reply_count_hidden":0,"_bbp_forum_subforum_count":0,"footnotes":""},"class_list":["post-1216","page","type-page","status-publish","hentry"],"_links":{"self":[{"href":"http:\/\/deloin.fr\/blog\/wp-json\/wp\/v2\/pages\/1216","targetHints":{"allow":["GET"]}}],"collection":[{"href":"http:\/\/deloin.fr\/blog\/wp-json\/wp\/v2\/pages"}],"about":[{"href":"http:\/\/deloin.fr\/blog\/wp-json\/wp\/v2\/types\/page"}],"author":[{"embeddable":true,"href":"http:\/\/deloin.fr\/blog\/wp-json\/wp\/v2\/users\/1"}],"replies":[{"embeddable":true,"href":"http:\/\/deloin.fr\/blog\/wp-json\/wp\/v2\/comments?post=1216"}],"version-history":[{"count":20,"href":"http:\/\/deloin.fr\/blog\/wp-json\/wp\/v2\/pages\/1216\/revisions"}],"predecessor-version":[{"id":1737,"href":"http:\/\/deloin.fr\/blog\/wp-json\/wp\/v2\/pages\/1216\/revisions\/1737"}],"wp:attachment":[{"href":"http:\/\/deloin.fr\/blog\/wp-json\/wp\/v2\/media?parent=1216"}],"curies":[{"name":"wp","href":"https:\/\/api.w.org\/{rel}","templated":true}]}}