{"id":1648,"date":"2023-12-14T15:57:41","date_gmt":"2023-12-14T14:57:41","guid":{"rendered":"https:\/\/deloin.fr\/blog\/?page_id=1648"},"modified":"2023-12-14T16:03:15","modified_gmt":"2023-12-14T15:03:15","slug":"creation-dentreprise","status":"publish","type":"page","link":"http:\/\/deloin.fr\/blog\/creation-dentreprise\/","title":{"rendered":"cr\u00e9ation d&rsquo;entreprise"},"content":{"rendered":"\n<blockquote class=\"wp-block-quote is-layout-flow wp-block-quote-is-layout-flow\">\n<p><a href=\"https:\/\/entreprendre.service-public.fr\/\">https:\/\/entreprendre.service-public.fr\/<\/a><\/p>\n<cite>Les diff\u00e9rents sc\u00e9narios de la cr\u00e9ation ou de la reprise d&rsquo;entreprises<\/cite><\/blockquote>\n\n\n\n<blockquote class=\"wp-block-quote is-layout-flow wp-block-quote-is-layout-flow\">\n<p><a href=\"https:\/\/www.autoentrepreneur.urssaf.fr\/portail\/accueil.html\">https:\/\/www.autoentrepreneur.urssaf.fr\/portail\/accueil.html<\/a><\/p>\n<cite>Le portail de l&rsquo;urssaf pour cr\u00e9er son auto entreprise<\/cite><\/blockquote>\n","protected":false},"excerpt":{"rendered":"<p>https:\/\/entreprendre.service-public.fr\/ Les diff\u00e9rents sc\u00e9narios de la cr\u00e9ation ou de la reprise d&rsquo;entreprises https:\/\/www.autoentrepreneur.urssaf.fr\/portail\/accueil.html Le portail de l&rsquo;urssaf pour cr\u00e9er son &hellip; <a href=\"http:\/\/deloin.fr\/blog\/creation-dentreprise\/\" class=\"more-link\">Continuer la lecture<span class=\"screen-reader-text\"> de &laquo;&nbsp;cr\u00e9ation d&rsquo;entreprise&nbsp;&raquo;<\/span><\/a><\/p>\n","protected":false},"author":1,"featured_media":0,"parent":0,"menu_order":0,"comment_status":"closed","ping_status":"closed","template":"","meta":{"_bbp_topic_count":0,"_bbp_reply_count":0,"_bbp_total_topic_count":0,"_bbp_total_reply_count":0,"_bbp_voice_count":0,"_bbp_anonymous_reply_count":0,"_bbp_topic_count_hidden":0,"_bbp_reply_count_hidden":0,"_bbp_forum_subforum_count":0,"footnotes":""},"class_list":["post-1648","page","type-page","status-publish","hentry"],"_links":{"self":[{"href":"http:\/\/deloin.fr\/blog\/wp-json\/wp\/v2\/pages\/1648","targetHints":{"allow":["GET"]}}],"collection":[{"href":"http:\/\/deloin.fr\/blog\/wp-json\/wp\/v2\/pages"}],"about":[{"href":"http:\/\/deloin.fr\/blog\/wp-json\/wp\/v2\/types\/page"}],"author":[{"embeddable":true,"href":"http:\/\/deloin.fr\/blog\/wp-json\/wp\/v2\/users\/1"}],"replies":[{"embeddable":true,"href":"http:\/\/deloin.fr\/blog\/wp-json\/wp\/v2\/comments?post=1648"}],"version-history":[{"count":2,"href":"http:\/\/deloin.fr\/blog\/wp-json\/wp\/v2\/pages\/1648\/revisions"}],"predecessor-version":[{"id":1650,"href":"http:\/\/deloin.fr\/blog\/wp-json\/wp\/v2\/pages\/1648\/revisions\/1650"}],"wp:attachment":[{"href":"http:\/\/deloin.fr\/blog\/wp-json\/wp\/v2\/media?parent=1648"}],"curies":[{"name":"wp","href":"https:\/\/api.w.org\/{rel}","templated":true}]}}