{"id":1195,"date":"2021-05-26T16:30:13","date_gmt":"2021-05-26T14:30:13","guid":{"rendered":"http:\/\/deloin.fr\/blog\/?page_id=1195"},"modified":"2021-06-07T17:36:15","modified_gmt":"2021-06-07T15:36:15","slug":"demission-reconversion","status":"publish","type":"page","link":"https:\/\/deloin.fr\/blog\/demission-reconversion\/","title":{"rendered":"D\u00e9mission ? Reconversion"},"content":{"rendered":"\n<p>Questionnement sur nos valeurs avant de changer. Peurs, croyances limitantes,  repr\u00e9sentations personnelles. Il ne faut pas se pr\u00e9cipiter.<\/p>\n\n\n\n<blockquote class=\"wp-block-quote is-layout-flow wp-block-quote-is-layout-flow\"><p><a href=\"https:\/\/www.youtube.com\/watch?v=QmrxDIjVvgE\" target=\"_blank\" rel=\"noreferrer noopener\">https:\/\/www.youtube.com\/watch?v=QmrxDIjVvgE<\/a><\/p><cite>On peut se faire aider par un coach si on a les moyens. Avant d&rsquo;aller vers un bilan de comp\u00e9tences.<\/cite><\/blockquote>\n\n\n\n<p>Le mieux c&rsquo;est d&rsquo;essayer le projet : Le Side Project.<\/p>\n\n\n\n<blockquote class=\"wp-block-quote is-layout-flow wp-block-quote-is-layout-flow\"><p><a href=\"https:\/\/demission-reconversion.gouv.fr\/\">https:\/\/demission-reconversion.gouv.fr\/<\/a><\/p><cite>Les d\u00e9marches pratiques \u00e0 suivre si vous avez pris votre d\u00e9cision.<\/cite><\/blockquote>\n\n\n\n<blockquote class=\"wp-block-quote is-layout-flow wp-block-quote-is-layout-flow\"><p><a href=\"https:\/\/mon-cep.org\/\" target=\"_blank\" rel=\"noreferrer noopener\">https:\/\/mon-cep.org\/<\/a><\/p><cite>Mon Conseiller en \u00e9volution professionnelle<\/cite><\/blockquote>\n\n\n\n<blockquote class=\"wp-block-quote is-layout-flow wp-block-quote-is-layout-flow\"><p><a href=\"https:\/\/www.mon-service-cep.fr\/region\/nouvelleaquitaine\">https:\/\/www.mon-service-cep.fr\/region\/nouvelleaquitaine<\/a><\/p><cite>Je d\u00e9couvre le conseil en \u00e9volution professionnel<\/cite><\/blockquote>\n\n\n\n<p><\/p>\n\n\n\n<blockquote class=\"wp-block-quote is-layout-flow wp-block-quote-is-layout-flow\"><p><a href=\"https:\/\/www.francecompetences.fr\/la-formation-professionnelle\/\">https:\/\/www.francecompetences.fr\/la-formation-professionnelle\/<\/a><\/p><cite>Site g\u00e9n\u00e9raliste sur la formation professionnelle<\/cite><\/blockquote>\n\n\n\n<p><\/p>\n","protected":false},"excerpt":{"rendered":"<p>Questionnement sur nos valeurs avant de changer. Peurs, croyances limitantes, repr\u00e9sentations personnelles. Il ne faut pas se pr\u00e9cipiter. https:\/\/www.youtube.com\/watch?v=QmrxDIjVvgE On &hellip; <a href=\"https:\/\/deloin.fr\/blog\/demission-reconversion\/\" class=\"more-link\">Continuer la lecture<span class=\"screen-reader-text\"> de &laquo;&nbsp;D\u00e9mission ? Reconversion&nbsp;&raquo;<\/span><\/a><\/p>\n","protected":false},"author":1,"featured_media":0,"parent":0,"menu_order":0,"comment_status":"closed","ping_status":"closed","template":"","meta":{"_bbp_topic_count":0,"_bbp_reply_count":0,"_bbp_total_topic_count":0,"_bbp_total_reply_count":0,"_bbp_voice_count":0,"_bbp_anonymous_reply_count":0,"_bbp_topic_count_hidden":0,"_bbp_reply_count_hidden":0,"_bbp_forum_subforum_count":0,"footnotes":""},"class_list":["post-1195","page","type-page","status-publish","hentry"],"_links":{"self":[{"href":"https:\/\/deloin.fr\/blog\/wp-json\/wp\/v2\/pages\/1195","targetHints":{"allow":["GET"]}}],"collection":[{"href":"https:\/\/deloin.fr\/blog\/wp-json\/wp\/v2\/pages"}],"about":[{"href":"https:\/\/deloin.fr\/blog\/wp-json\/wp\/v2\/types\/page"}],"author":[{"embeddable":true,"href":"https:\/\/deloin.fr\/blog\/wp-json\/wp\/v2\/users\/1"}],"replies":[{"embeddable":true,"href":"https:\/\/deloin.fr\/blog\/wp-json\/wp\/v2\/comments?post=1195"}],"version-history":[{"count":9,"href":"https:\/\/deloin.fr\/blog\/wp-json\/wp\/v2\/pages\/1195\/revisions"}],"predecessor-version":[{"id":1206,"href":"https:\/\/deloin.fr\/blog\/wp-json\/wp\/v2\/pages\/1195\/revisions\/1206"}],"wp:attachment":[{"href":"https:\/\/deloin.fr\/blog\/wp-json\/wp\/v2\/media?parent=1195"}],"curies":[{"name":"wp","href":"https:\/\/api.w.org\/{rel}","templated":true}]}}