{"id":1234,"date":"2022-01-12T15:33:55","date_gmt":"2022-01-12T14:33:55","guid":{"rendered":"http:\/\/deloin.fr\/blog\/?page_id=1234"},"modified":"2022-01-12T16:05:13","modified_gmt":"2022-01-12T15:05:13","slug":"5-synthese-recherches","status":"publish","type":"page","link":"https:\/\/deloin.fr\/blog\/5-synthese-recherches\/","title":{"rendered":"Synth\u00e8se recherches"},"content":{"rendered":"\n<h2 class=\"wp-block-heading\">4 \u00e9tapes dans ma recherche <\/h2>\n\n\n\n<h2 class=\"wp-block-heading\"><br>1 &#8211; Quel m\u00e9tier ai-je envie d&rsquo;exercer ? <br>(est-il accessible ?)<\/h2>\n\n\n\n<blockquote class=\"wp-block-quote is-layout-flow wp-block-quote-is-layout-flow\"><p><br>Des \u00e9v\u00e8nements pour trouver un m\u00e9tier. Salons, forums, Ateliers\u2026 observatoire de l&#8217;emploi en Nouvelle-Aquitaine les tendances du march\u00e9 du travail sur le territoire Nouvelle-Aquitaine <\/p><cite><em><a href=\"https:\/\/www.observatoire-emploi-nouvelle-aquitaine.fr\/\" target=\"_blank\" rel=\"noreferrer noopener\">https:\/\/www.observatoire-emploi-nouvelle-aquitaine.fr\/<\/a><\/em><\/cite><\/blockquote>\n\n\n\n<blockquote class=\"wp-block-quote is-layout-flow wp-block-quote-is-layout-flow\"><p><br>UN GESTE UN METIER : <br>Tester les gestes d&rsquo;un m\u00e9tier un geste, un m\u00e9tier <\/p><cite><em><a href=\"http:\/\/www.un-geste-un-metier.fr\/?\" target=\"_blank\" rel=\"noreferrer noopener\">http:\/\/www.un-geste-un-metier.fr\/?<\/a><\/em><\/cite><\/blockquote>\n\n\n\n<blockquote class=\"wp-block-quote is-layout-flow wp-block-quote-is-layout-flow\"><p><br>Agenda des manifestations sur CAP METIERS <br>Surveiller quand une manifestation est proche de chez nous <\/p><cite><em><a href=\"https:\/\/www.cap-metiers.fr\/agenda-na\" target=\"_blank\" rel=\"noreferrer noopener\">https:\/\/www.cap-metiers.fr\/agenda-na<\/a><\/em><\/cite><\/blockquote>\n\n\n\n<blockquote class=\"wp-block-quote is-layout-flow wp-block-quote-is-layout-flow\"><p><br>Quel m\u00e9tier vais-je exercer ? France Comp\u00e9tences : Je veux une bonne description des activit\u00e9s du m\u00e9tier que je veux faire et de la certification correspondante outil de recherches et site d&rsquo;informations <\/p><cite><em><a href=\"https:\/\/www.francecompetences.fr\/\" target=\"_blank\" rel=\"noreferrer noopener\">https:\/\/www.francecompetences.fr\/<\/a><\/em><\/cite><\/blockquote>\n\n\n\n<blockquote class=\"wp-block-quote is-layout-flow wp-block-quote-is-layout-flow\"><p><br>Je cherche quel m\u00e9tier exercer en Nouvelle Aquitaine outil r\u00e9gional <\/p><cite><em><a href=\"https:\/\/www.cap-metiers.fr\/\" target=\"_blank\" rel=\"noreferrer noopener\">https:\/\/www.cap-metiers.fr\/<\/a><\/em><\/cite><\/blockquote>\n\n\n\n<blockquote class=\"wp-block-quote is-layout-flow wp-block-quote-is-layout-flow\"><p><br>Bossons fut\u00e9s : la m\u00e9decine du travail est \u00e0 l&rsquo;initiative de ce site des fiches m\u00e9tiers accompagn\u00e9es de leurs fiches de dangers. Ce site est r\u00e9alis\u00e9 par des m\u00e9decins du travail. <\/p><cite><em><a href=\"http:\/\/bossons-fute.fr\/\" target=\"_blank\" rel=\"noreferrer noopener\">http:\/\/bossons-fute.fr\/<\/a><\/em><\/cite><\/blockquote>\n\n\n\n<blockquote class=\"wp-block-quote is-layout-flow wp-block-quote-is-layout-flow\"><p><br>Des vid\u00e9os sur les m\u00e9tiers<br>Je cherche des vid\u00e9os sur les m\u00e9tiers en Nouvelle Aquitaine <\/p><cite><em><a href=\"https:\/\/www.cap-metiers.fr\/videos-metiers\" target=\"_blank\" rel=\"noreferrer noopener\">https:\/\/www.cap-metiers.fr\/videos-metiers<\/a><\/em><\/cite><\/blockquote>\n\n\n\n<blockquote class=\"wp-block-quote is-layout-flow wp-block-quote-is-layout-flow\"><p><br>Webtv AFPA : Je cherche des vid\u00e9os de l&rsquo;AFPA sur les m\u00e9tiers <\/p><cite><em><a href=\"http:\/\/mediatheque.webtv.afpa.fr\/ressources\/index\/2278.1614#2278.1614\" target=\"_blank\" rel=\"noreferrer noopener\">http:\/\/mediatheque.webtv.afpa.fr\/ressources\/index\/2278.1614#2278.1614<\/a><\/em><\/cite><\/blockquote>\n\n\n\n<blockquote class=\"wp-block-quote is-layout-flow wp-block-quote-is-layout-flow\"><p><br>Je cherche des vid\u00e9os et des infos sur les m\u00e9tiers Le site de l&rsquo;Onisep est un incontournable sur la description des m\u00e9tiers et pas seulement pour les \u00e9tudiants <\/p><cite><em><a href=\"http:\/\/www.onisep.fr\/Decouvrir-les-metiers\" target=\"_blank\" rel=\"noreferrer noopener\">http:\/\/www.onisep.fr\/Decouvrir-les-metiers<\/a><\/em><\/cite><\/blockquote>\n\n\n\n<blockquote class=\"wp-block-quote is-layout-flow wp-block-quote-is-layout-flow\"><p><br>Diagoriente : un nouvel outil gouvernemental <br>Diagoriente pour la recherche m\u00e9tiers et formations <\/p><cite><em><a href=\"https:\/\/web-app.diagoriente.beta.gouv.fr\/#\/\" target=\"_blank\" rel=\"noreferrer noopener\">https:\/\/web-app.diagoriente.beta.gouv.fr\/#\/<\/a><\/em><\/cite><\/blockquote>\n\n\n\n<blockquote class=\"wp-block-quote is-layout-flow wp-block-quote-is-layout-flow\"><p><br>C&rsquo;est mon m\u00e9tier Les infos sur les m\u00e9tiers <\/p><cite><em><a href=\"http:\/\/cmonmetier.fr\" target=\"_blank\" rel=\"noreferrer noopener\">http:\/\/cmonmetier.fr<\/a><\/em><\/cite><\/blockquote>\n\n\n\n<blockquote class=\"wp-block-quote is-layout-flow wp-block-quote-is-layout-flow\"><p><br>Quels sont les organismes qui peuvent me conseiller ? <br>Kifekoi : pour trouver un conseiller m\u00e9tier et emploi <br>Je cherche un interlocuteur pour m&rsquo;aider sur mon projet <\/p><cite><em><a href=\"https:\/\/www.cap-metiers.pro\/kifekoi\" target=\"_blank\" rel=\"noreferrer noopener\">https:\/\/www.cap-metiers.pro\/kifekoi<\/a><\/em><\/cite><\/blockquote>\n\n\n\n<h2 class=\"wp-block-heading\"><br>2 &#8211; Je vais devoir trouver une entreprise pour une enqu\u00eate m\u00e9tier, pour mon immersion avant la formation, pour ma p\u00e9riode d&rsquo;application en entreprise durant la formation et ensuite pour travailler.<br><\/h2>\n\n\n\n<blockquote class=\"wp-block-quote is-layout-flow wp-block-quote-is-layout-flow\"><p>Mon territoire BMO : <br>Je cherche quel m\u00e9tier choisir en fonction du besoin de main d&rsquo;\u0153uvre sur un territoire <br>Si je suis ouvert \u00e0 plusieurs possibilit\u00e9s de m\u00e9tiers et peu mobile, quelles sont les secteurs \u00e0 proximit\u00e9 qui cherchent des salari\u00e9s \u00e0 recruter ? <\/p><cite><em><a href=\"https:\/\/statistiques.pole-emploi.org\/bmo\" target=\"_blank\" rel=\"noreferrer noopener\">https:\/\/statistiques.pole-emploi.org\/bmo<\/a><\/em><\/cite><\/blockquote>\n\n\n\n<blockquote class=\"wp-block-quote is-layout-flow wp-block-quote-is-layout-flow\"><p><br>talentsdici : observatoire dynamique de l&#8217;emploi Un barom\u00e8tre ou vous pouvez m\u00e9tier par m\u00e9tier conna\u00eetre le nombre d&rsquo;offres <\/p><cite><em><a href=\"https:\/\/talentsdici.fr\/barometre\" target=\"_blank\" rel=\"noreferrer noopener\">https:\/\/talentsdici.fr\/barometre<\/a><\/em><\/cite><\/blockquote>\n\n\n\n<blockquote class=\"wp-block-quote is-layout-flow wp-block-quote-is-layout-flow\"><p><br>Mon m\u00e9tier mon territoire : <br>Quelle est la situation de l&#8217;emploi autour de chez moi ? <br>Outil de recherche, pour d\u00e9couvrir les m\u00e9tiers recherch\u00e9s sur un territoire pr\u00e9cis, on peut cliquer sur une carte <\/p><cite><em><a href=\"http:\/\/mon-metier-mon-territoire.fr\/Pages\/accueil.aspx\" target=\"_blank\" rel=\"noreferrer noopener\">http:\/\/mon-metier-mon-territoire.fr\/Pages\/accueil.aspx<\/a><\/em><\/cite><\/blockquote>\n\n\n\n<blockquote class=\"wp-block-quote is-layout-flow wp-block-quote-is-layout-flow\"><p><br>La Bonne Bo\u00eete : Je cherche des noms d&rsquo;entreprise sur mon territoire selon le m\u00e9tier que j&rsquo;ai choisi Outil de recherche comme Google, tr\u00e8s utile tout au long des recherches d&rsquo;immersions de stages d&#8217;emplois <\/p><cite><em><a href=\"https:\/\/labonneboite.pole-emploi.fr\/\" target=\"_blank\" rel=\"noreferrer noopener\">https:\/\/labonneboite.pole-emploi.fr\/<\/a><\/em><\/cite><\/blockquote>\n\n\n\n<blockquote class=\"wp-block-quote is-layout-flow wp-block-quote-is-layout-flow\"><p><br>Ma reconversion Je cherche \u00e0 me reconvertir Quelles sont les \u00e9l\u00e9ments \u00e0 prendre en compte si je veux me reconvertir <\/p><cite><em><a href=\"https:\/\/www.cap-metiers.fr\/se-reconvertir\" target=\"_blank\" rel=\"noreferrer noopener\">https:\/\/www.cap-metiers.fr\/se-reconvertir<\/a><\/em><\/cite><\/blockquote>\n\n\n\n<h2 class=\"wp-block-heading\"><br>3 &#8211; Maintenant que j&rsquo;ai choisi mon m\u00e9tier, quelle formation est possible ?<br>Quelle formation vais-je suivre ?<\/h2>\n\n\n\n<blockquote class=\"wp-block-quote is-layout-flow wp-block-quote-is-layout-flow\"><p> je cherche une formation avec le nom du m\u00e9tier depuis le nom de ma comp\u00e9tence ou du m\u00e9tier voulu je cherche sur mon territoire la formation reconnue par P\u00f4le Emploi <\/p><cite><em><a href=\"https:\/\/candidat.pole-emploi.fr\/formations\/accueil\/\" target=\"_blank\" rel=\"noreferrer noopener\">https:\/\/candidat.pole-emploi.fr\/formations\/accueil\/<\/a><\/em><\/cite><\/blockquote>\n\n\n\n<blockquote class=\"wp-block-quote is-layout-flow wp-block-quote-is-layout-flow\"><p><br>Je cherche une formation \u00e0 l&rsquo;AFPA Pour les intitul\u00e9s exacts des formations, demander \u00e0 votre accompagnateur qui a acc\u00e8s au catalogue complet des formations anim\u00e9es par l&rsquo;AFPA <\/p><cite><em><a href=\"https:\/\/www.afpa.fr\/\" target=\"_blank\" rel=\"noreferrer noopener\">https:\/\/www.afpa.fr\/<\/a><\/em><\/cite><\/blockquote>\n\n\n\n<blockquote class=\"wp-block-quote is-layout-flow wp-block-quote-is-layout-flow\"><p><br>Rafael : Toutes les formations propos\u00e9es en Nouvelle Aquitaine sur le site Rafael outil de recherche pour trouver sa formation \u00e0 partir du m\u00e9tier voulu et les formations \u00e9ligibles au CPF <\/p><cite><em><a href=\"https:\/\/entrepot.aquitaine-cap-metiers.fr\/recherche\/accueil\" target=\"_blank\" rel=\"noreferrer noopener\">https:\/\/entrepot.aquitaine-cap-metiers.fr\/recherche\/accueil<\/a><\/em><\/cite><\/blockquote>\n\n\n\n<blockquote class=\"wp-block-quote is-layout-flow wp-block-quote-is-layout-flow\"><p><br>trouver une formation outil de recherche pour trouver sa formation \u00e0 partir du m\u00e9tier voulu et les formations \u00e9ligibles au CPF <\/p><cite><em><a href=\"https:\/\/reseau.intercariforef.org\/formations\/recherche-formations.html\" target=\"_blank\" rel=\"noreferrer noopener\">https:\/\/reseau.intercariforef.org\/formations\/recherche-formations.html<\/a><\/em><\/cite><\/blockquote>\n\n\n\n<blockquote class=\"wp-block-quote is-layout-flow wp-block-quote-is-layout-flow\"><p><br>Quel type de formation ? Regarder l&rsquo;onglet formation professionnelle du site du gouvernement <\/p><cite><em><a href=\"https:\/\/travail-emploi.gouv.fr\/\" target=\"_blank\" rel=\"noreferrer noopener\">https:\/\/travail-emploi.gouv.fr\/<\/a><\/em><\/cite><\/blockquote>\n\n\n\n<blockquote class=\"wp-block-quote is-layout-flow wp-block-quote-is-layout-flow\"><p><br>Cette formation est-elle r\u00e9pertori\u00e9e ? Autorit\u00e9 nationale de financement et de r\u00e9gulation de la formation professionnelle et de l\u2019apprentissage <\/p><cite><em><a href=\"https:\/\/www.francecompetences.fr\/\" target=\"_blank\" rel=\"noreferrer noopener\">https:\/\/www.francecompetences.fr\/<\/a><\/em><\/cite><\/blockquote>\n\n\n\n<blockquote class=\"wp-block-quote is-layout-flow wp-block-quote-is-layout-flow\"><p><br><strong>Mon Compte Formation<\/strong> Financer sa formation avec le CPF et formations \u00e9ligibles <\/p><cite><em><a href=\"https:\/\/www.moncompteformation.gouv.fr\/espace-prive\/html\/#\/\" target=\"_blank\" rel=\"noreferrer noopener\">https:\/\/www.moncompteformation.gouv.fr\/espace-prive\/html\/#\/<\/a><\/em><\/cite><\/blockquote>\n\n\n\n<h2 class=\"wp-block-heading\"><br>4 &#8211; Vers l&#8217;emploi<br><\/h2>\n\n\n\n<blockquote class=\"wp-block-quote is-layout-flow wp-block-quote-is-layout-flow\"><p>Quel emploi vais-je trouver ? <br>Emploi Store <br>explorer les offres On peut se connecter avec ses identifiants P\u00f4le Emploi <\/p><cite><em><a href=\"https:\/\/www.emploi-store.fr\/portail\/accueil\" target=\"_blank\" rel=\"noreferrer noopener\">https:\/\/www.emploi-store.fr\/portail\/accueil<\/a><\/em><\/cite><\/blockquote>\n\n\n\n<blockquote class=\"wp-block-quote is-layout-flow wp-block-quote-is-layout-flow\"><p><br>Emploi 86 L&#8217;emploi dans la Vienne <\/p><cite><em><a href=\"https:\/\/www.emploi86.com\/\" target=\"_blank\" rel=\"noreferrer noopener\">https:\/\/www.emploi86.com\/<\/a><\/em><\/cite><\/blockquote>\n\n\n\n<p><\/p>\n","protected":false},"excerpt":{"rendered":"<p>4 \u00e9tapes dans ma recherche 1 &#8211; Quel m\u00e9tier ai-je envie d&rsquo;exercer ? (est-il accessible ?) Des \u00e9v\u00e8nements pour trouver &hellip; <a href=\"https:\/\/deloin.fr\/blog\/5-synthese-recherches\/\" class=\"more-link\">Continuer la lecture<span class=\"screen-reader-text\"> de &laquo;&nbsp;Synth\u00e8se recherches&nbsp;&raquo;<\/span><\/a><\/p>\n","protected":false},"author":1,"featured_media":0,"parent":0,"menu_order":0,"comment_status":"closed","ping_status":"closed","template":"","meta":{"_bbp_topic_count":0,"_bbp_reply_count":0,"_bbp_total_topic_count":0,"_bbp_total_reply_count":0,"_bbp_voice_count":0,"_bbp_anonymous_reply_count":0,"_bbp_topic_count_hidden":0,"_bbp_reply_count_hidden":0,"_bbp_forum_subforum_count":0,"footnotes":""},"class_list":["post-1234","page","type-page","status-publish","hentry"],"_links":{"self":[{"href":"https:\/\/deloin.fr\/blog\/wp-json\/wp\/v2\/pages\/1234","targetHints":{"allow":["GET"]}}],"collection":[{"href":"https:\/\/deloin.fr\/blog\/wp-json\/wp\/v2\/pages"}],"about":[{"href":"https:\/\/deloin.fr\/blog\/wp-json\/wp\/v2\/types\/page"}],"author":[{"embeddable":true,"href":"https:\/\/deloin.fr\/blog\/wp-json\/wp\/v2\/users\/1"}],"replies":[{"embeddable":true,"href":"https:\/\/deloin.fr\/blog\/wp-json\/wp\/v2\/comments?post=1234"}],"version-history":[{"count":14,"href":"https:\/\/deloin.fr\/blog\/wp-json\/wp\/v2\/pages\/1234\/revisions"}],"predecessor-version":[{"id":1251,"href":"https:\/\/deloin.fr\/blog\/wp-json\/wp\/v2\/pages\/1234\/revisions\/1251"}],"wp:attachment":[{"href":"https:\/\/deloin.fr\/blog\/wp-json\/wp\/v2\/media?parent=1234"}],"curies":[{"name":"wp","href":"https:\/\/api.w.org\/{rel}","templated":true}]}}