{"id":740,"date":"2021-11-28T19:27:12","date_gmt":"2021-11-28T18:27:12","guid":{"rendered":"https:\/\/typote.art\/?page_id=740"},"modified":"2024-12-07T12:54:06","modified_gmt":"2024-12-07T11:54:06","slug":"expos","status":"publish","type":"page","link":"https:\/\/deloin.fr\/typote\/expos\/","title":{"rendered":"Second Life"},"content":{"rendered":"\n<h2 class=\"wp-block-heading\">Second Life, installations virtuelles \u00e0 fins artistiques<\/h2>\n\n\n\n<h4 class=\"wp-block-heading\">D\u00e9cembre 2021<\/h4>\n\n\n\n<p>J&rsquo;uploade un d\u00e9but de collection de NFTs dans Opensea :<\/p>\n\n\n\n<p><a href=\"https:\/\/opensea.io\/collection\/typote-collection\" target=\"_blank\" rel=\"noreferrer noopener\">https:\/\/opensea.io\/collection\/typote-collection<\/a><\/p>\n\n\n\n<p>A partir de ces NFTs J&rsquo;ouvre une petite galerie virtuelle de NFTs qui fonctionne dans votre navigateur :<\/p>\n\n\n\n<p><a rel=\"noreferrer noopener\" href=\"https:\/\/oncyber.io\/typote\" target=\"_blank\">https:\/\/oncyber.io\/typote<\/a><\/p>\n\n\n\n<p>Une autre galerie toute en cubes plus destin\u00e9e aux amateurs de metaverses :<\/p>\n\n\n\n<p><a href=\"https:\/\/www.cryptovoxels.com\/spaces\/603f6cfb-6b5e-4eda-aa63-78e8c507be37\/play\" target=\"_blank\" rel=\"noreferrer noopener\">Typote | Cryptovoxels Space<\/a><\/p>\n\n\n\n<h4 class=\"wp-block-heading\">2012-2021<\/h4>\n\n\n\n<p>Parenth\u00e8se molle. J&rsquo;ai plut\u00f4t cherch\u00e9 et t\u00e2tonn\u00e9 autour du dessin en les postant parfois sur les r\u00e9seaux sociaux mainstream. Mais bof. Sentiment d&rsquo;isolement et de n&rsquo;\u00eatre pas aux bons endroits. <\/p>\n\n\n\n<h3 class=\"wp-block-heading\">Expositions virtuelles sur Second Life<\/h3>\n\n\n\n<p>J&rsquo;essaye de retrouver des traces de cette p\u00e9riode num\u00e9rique.<\/p>\n\n\n\n<h4 class=\"wp-block-heading\">2012<\/h4>\n\n\n\n<p><a href=\"https:\/\/cupdf.com\/document\/metaverse-art-2011-2013-nr-1tendences.html\">https:\/\/cupdf.com\/document\/metaverse-art-2011-2013-nr-1tendences.html<\/a><\/p>\n\n\n\n<p><a href=\"https:\/\/cupdf.com\/download\/metaverse-art-2011-2013-nr-4-imab-events\">https:\/\/cupdf.com\/download\/metaverse-art-2011-2013-nr-4-imab-events<\/a><\/p>\n\n\n\n<h4 class=\"wp-block-heading\">2011 <\/h4>\n\n\n\n<h5 class=\"wp-block-heading\">f\u00e9vrier<\/h5>\n\n\n\n<p>Une pi\u00e8ce sur laquelle j&rsquo;avais beaucoup travaill\u00e9e :<\/p>\n\n\n\n<p>Un prix j&rsquo;avais eu.<\/p>\n\n\n\n<p>The University of Western Australia (UWA) in Second Life<br>Odyssey Prize: (L$5,000)<br>S&amp;S Gallery Prize (L$5,000)<br>THE MINOTAUR OF CARTON by Typote Beck<\/p>\n\n\n\n<p>A blog for the University of Western Australia (UWA) presence on Second Life.<\/p>\n\n\n\n<p><a href=\"https:\/\/uwainsl.blogspot.com\/2011\/03\/lea-jarapanda-tops-as-misprint-cherry.html\">https:\/\/uwainsl.blogspot.com\/2011\/03\/lea-jarapanda-tops-as-misprint-cherry.html<\/a><\/p>\n\n\n\n<figure class=\"wp-block-image size-large\"><img loading=\"lazy\" decoding=\"async\" width=\"1024\" height=\"768\" src=\"https:\/\/typote.art\/wp-content\/uploads\/2021\/11\/20110226_006-1024x768.jpeg\" alt=\"\" class=\"wp-image-770\" srcset=\"https:\/\/deloin.fr\/typote\/wp-content\/uploads\/2021\/11\/20110226_006-1024x768.jpeg 1024w, https:\/\/deloin.fr\/typote\/wp-content\/uploads\/2021\/11\/20110226_006-300x225.jpeg 300w, https:\/\/deloin.fr\/typote\/wp-content\/uploads\/2021\/11\/20110226_006-768x576.jpeg 768w, https:\/\/deloin.fr\/typote\/wp-content\/uploads\/2021\/11\/20110226_006-1536x1152.jpeg 1536w, https:\/\/deloin.fr\/typote\/wp-content\/uploads\/2021\/11\/20110226_006-1568x1176.jpeg 1568w, https:\/\/deloin.fr\/typote\/wp-content\/uploads\/2021\/11\/20110226_006.jpeg 1600w\" sizes=\"auto, (max-width: 1024px) 100vw, 1024px\" \/><figcaption class=\"wp-element-caption\">Le Minotaure en carton a \u00e9t\u00e9 accueilli par Eupalinos Eugagin sur la sim de Chris Marker pendant quelques temps. Et sur la sim d&rsquo;Odyssey. J&rsquo;\u00e9tais dr\u00f4lement fier. Sous la table, les cartons \u00e9taient dessin\u00e9s aussi et retra\u00e7aient quelques \u00e9pisodes hom\u00e9riques<\/figcaption><\/figure>\n\n\n\n<p>Des photos du Minotaure par Tim Deschanel :<\/p>\n\n\n\n<p><a href=\"https:\/\/www.flickriver.com\/photos\/tags\/libxxx\/interesting\/\" target=\"_blank\" rel=\"noreferrer noopener\">https:\/\/www.flickriver.com\/photos\/tags\/libxxx\/interesting\/<\/a><\/p>\n\n\n\n<p><\/p>\n\n\n\n<p><\/p>\n\n\n\n<figure class=\"wp-block-embed is-type-video is-provider-youtube wp-block-embed-youtube wp-embed-aspect-16-9 wp-has-aspect-ratio\"><div class=\"wp-block-embed__wrapper\">\n<iframe loading=\"lazy\" title=\"UWA 3D OAC - February Winners\" width=\"640\" height=\"360\" src=\"https:\/\/www.youtube.com\/embed\/mCg2O0P9rus?feature=oembed\" frameborder=\"0\" allow=\"accelerometer; autoplay; clipboard-write; encrypted-media; gyroscope; picture-in-picture; web-share\" referrerpolicy=\"strict-origin-when-cross-origin\" allowfullscreen><\/iframe>\n<\/div><figcaption class=\"wp-element-caption\">Les vainqueurs du concours de l&rsquo;universit\u00e9 UWA 3D OAC &#8211; February Winners 2011<\/figcaption><\/figure>\n\n\n\n<p>cr\u00e9ation d&rsquo;un avatar pour Marc Blieux lors de l&rsquo;exposition <\/p>\n\n\n\n<p><a rel=\"noreferrer noopener\" href=\"http:\/\/aire-mille-flux.org\/sac-002-typote-beck\/\" target=\"_blank\">http:\/\/aire-mille-flux.org\/sac-002-typote-beck\/<\/a><\/p>\n\n\n\n<h4 class=\"wp-block-heading\">2010<\/h4>\n\n\n\n<h5 class=\"wp-block-heading\">novembre<\/h5>\n\n\n\n<p>J&rsquo;aimais beaucoup cette petite galerie : Nordan Art, enfin petite pour Second Life o\u00f9 tout est d\u00e9mesur\u00e9. J&rsquo;y ai fait deux expos.<\/p>\n\n\n\n<p>de novembre 2010 \u00e0 janvier 2011 voir p 30 \u00e0 33<\/p>\n\n\n\n<figure class=\"wp-block-embed is-type-rich is-provider-issuu wp-block-embed-issuu\"><div class=\"wp-block-embed__wrapper\">\n<iframe title=\"Nordan Art: A Retrospective 2010 to 2011\" src=\"https:\/\/e.issuu.com\/embed.html?u=nordanart&#038;d=nordanartretrospective2010-2011\" style=\"border:none; width: 640px; height: 491px;\" allow=\"clipboard-write,allow-top-navigation,allow-top-navigation-by-user-activation,allow-downloads,allow-scripts,allow-same-origin,allow-popups,allow-modals,allow-popups-to-escape-sandbox,allow-forms\"  allowfullscreen=\"true\"><\/iframe>\n<\/div><\/figure>\n\n\n\n<p>Cr\u00e9ation de personnages<\/p>\n\n\n\n<figure class=\"wp-block-image size-large\"><img loading=\"lazy\" decoding=\"async\" width=\"1024\" height=\"562\" src=\"https:\/\/typote.art\/wp-content\/uploads\/2021\/11\/5030672143_f95e0ae0c7_o-1024x562.png\" alt=\"\" class=\"wp-image-756\" srcset=\"https:\/\/deloin.fr\/typote\/wp-content\/uploads\/2021\/11\/5030672143_f95e0ae0c7_o-1024x562.png 1024w, https:\/\/deloin.fr\/typote\/wp-content\/uploads\/2021\/11\/5030672143_f95e0ae0c7_o-300x165.png 300w, https:\/\/deloin.fr\/typote\/wp-content\/uploads\/2021\/11\/5030672143_f95e0ae0c7_o-768x421.png 768w, https:\/\/deloin.fr\/typote\/wp-content\/uploads\/2021\/11\/5030672143_f95e0ae0c7_o-1536x842.png 1536w, https:\/\/deloin.fr\/typote\/wp-content\/uploads\/2021\/11\/5030672143_f95e0ae0c7_o-1568x860.png 1568w, https:\/\/deloin.fr\/typote\/wp-content\/uploads\/2021\/11\/5030672143_f95e0ae0c7_o.png 1920w\" sizes=\"auto, (max-width: 1024px) 100vw, 1024px\" \/><figcaption class=\"wp-element-caption\">ECNCS cr\u00e9ation de personnages dispers\u00e9s sur la plateforme a\u00e9rienne<\/figcaption><\/figure>\n\n\n\n<p><\/p>\n\n\n\n<p>Exposition de dessins sur la galerie de Anne Astier\/ aka Mariaka Nishi<\/p>\n\n\n\n<p><a rel=\"noreferrer noopener\" href=\"http:\/\/tournicoton-art-galleries.blogspot.com\/2010\/04\/\" target=\"_blank\">http:\/\/tournicoton-art-galleries.blogspot.com\/2010\/04\/<\/a><\/p>\n\n\n\n<figure class=\"wp-block-gallery has-nested-images columns-default is-cropped wp-block-gallery-1 is-layout-flex wp-block-gallery-is-layout-flex\">\n<figure class=\"wp-block-image size-large\"><img loading=\"lazy\" decoding=\"async\" width=\"1024\" height=\"798\" data-id=\"766\" src=\"https:\/\/deloin.fr\/typote\/wp-content\/uploads\/2021\/11\/4606519448_640392a163_o-1024x798.png\" alt=\"\" class=\"wp-image-766\" srcset=\"https:\/\/deloin.fr\/typote\/wp-content\/uploads\/2021\/11\/4606519448_640392a163_o-1024x798.png 1024w, https:\/\/deloin.fr\/typote\/wp-content\/uploads\/2021\/11\/4606519448_640392a163_o-300x234.png 300w, https:\/\/deloin.fr\/typote\/wp-content\/uploads\/2021\/11\/4606519448_640392a163_o-768x599.png 768w, https:\/\/deloin.fr\/typote\/wp-content\/uploads\/2021\/11\/4606519448_640392a163_o.png 1280w\" sizes=\"auto, (max-width: 1024px) 100vw, 1024px\" \/><figcaption class=\"wp-element-caption\">Ces \u00ab\u00a0Zoisos\u00a0\u00bb, <meta charset=\"utf-8\"><\/meta>c&rsquo;\u00e9tait fait dans Illustrator<\/figcaption><\/figure>\n\n\n\n<figure class=\"wp-block-image size-large\"><img loading=\"lazy\" decoding=\"async\" width=\"918\" height=\"539\" data-id=\"752\" src=\"https:\/\/deloin.fr\/typote\/wp-content\/uploads\/2021\/11\/TLL539.jpeg\" alt=\"\" class=\"wp-image-752\" srcset=\"https:\/\/deloin.fr\/typote\/wp-content\/uploads\/2021\/11\/TLL539.jpeg 918w, https:\/\/deloin.fr\/typote\/wp-content\/uploads\/2021\/11\/TLL539-300x176.jpeg 300w, https:\/\/deloin.fr\/typote\/wp-content\/uploads\/2021\/11\/TLL539-768x451.jpeg 768w\" sizes=\"auto, (max-width: 918px) 100vw, 918px\" \/><figcaption class=\"wp-element-caption\"><meta charset=\"utf-8\"><\/meta>photo du vernissage organis\u00e9 par Mariaka Nishi sur Tournicoton<\/figcaption><\/figure>\n<\/figure>\n\n\n\n<p><\/p>\n\n\n\n<h4 class=\"wp-block-heading\">2009 <\/h4>\n\n\n\n<p>Vernissage virtuel d\u00e9but avril : participation \u00e0 l&rsquo;exposition les Petits Princes \u00e0 Tournicoton sur la gallerie de Anne Astier \/ Mariaka Nishi. J&rsquo;exposais un livre virtuel avec une petite histoire, une petite variation onirique inspir\u00e9e par la lecture du petit prince de Saint Exup\u00e9ry.<\/p>\n\n\n\n<p><a href=\"http:\/\/tournicoton-art-gallery.blogspot.com\/2009\/04\/la-planete-des-petits-princes_17.html?m=0\" target=\"_blank\" rel=\"noreferrer noopener\">http:\/\/tournicoton-art-gallery.blogspot.com\/2009\/04\/la-planete-des-petits-princes_17.html?m=0<\/a><\/p>\n\n\n\n<p>participations \u00e0 plusieurs expos collectives sur la plateforme sph\u00e9rique Omega de pirats Art Network.<\/p>\n\n\n\n<figure class=\"wp-block-image size-full\"><img loading=\"lazy\" decoding=\"async\" width=\"404\" height=\"1024\" src=\"http:\/\/deloin.fr\/typote\/wp-content\/uploads\/2020\/11\/278915_10150291968914462_3987221_o.jpg\" alt=\"\" class=\"wp-image-41\" srcset=\"https:\/\/deloin.fr\/typote\/wp-content\/uploads\/2020\/11\/278915_10150291968914462_3987221_o.jpg 404w, https:\/\/deloin.fr\/typote\/wp-content\/uploads\/2020\/11\/278915_10150291968914462_3987221_o-118x300.jpg 118w\" sizes=\"auto, (max-width: 404px) 100vw, 404px\" \/><\/figure>\n\n\n\n<h4 class=\"wp-block-heading\">2008<\/h4>\n\n\n\n<p>On a suivi un voyage de loin. C&rsquo;\u00e9tait un voyage avec des \u00e2nes qui transportaient des livres. Ils m&rsquo;ont inspir\u00e9 quelques dessins &#8230; d&rsquo;\u00e2nes qui donnent leurs impressions.<\/p>\n\n\n\n<p><a href=\"http:\/\/tournicoton-art-gallery.blogspot.com\/2008\/09\/\" target=\"_blank\" rel=\"noreferrer noopener\">http:\/\/tournicoton-art-gallery.blogspot.com\/2008\/09\/<\/a><\/p>\n\n\n\n<p><\/p>\n\n\n\n<h3 class=\"wp-block-heading\">Exposition permanente :<\/h3>\n\n\n\n<p>Sur ma plateforme virtuelle sur Second Life : tout seul en hermite sur une galerie dans les airs pendant quelques ann\u00e9es.<\/p>\n\n\n\n<figure class=\"wp-block-image size-full\"><img loading=\"lazy\" decoding=\"async\" width=\"657\" height=\"394\" src=\"https:\/\/typote.art\/wp-content\/uploads\/2021\/11\/4410664159_577968bc8c_o.jpg\" alt=\"\" class=\"wp-image-757\" srcset=\"https:\/\/deloin.fr\/typote\/wp-content\/uploads\/2021\/11\/4410664159_577968bc8c_o.jpg 657w, https:\/\/deloin.fr\/typote\/wp-content\/uploads\/2021\/11\/4410664159_577968bc8c_o-300x180.jpg 300w\" sizes=\"auto, (max-width: 657px) 100vw, 657px\" \/><figcaption class=\"wp-element-caption\">ma plateforme Studio Egg<\/figcaption><\/figure>\n\n\n\n<p>Une des premi\u00e8res installations sur la plateforme une bo\u00eete \u00e0 \u00ab\u00a0surprises\u00a0\u00bb cachant des personnages :<\/p>\n\n\n\n<figure class=\"wp-block-image size-large\"><img loading=\"lazy\" decoding=\"async\" width=\"1024\" height=\"768\" src=\"https:\/\/typote.art\/wp-content\/uploads\/2021\/11\/4606452236_219812bd52_o-1024x768.png\" alt=\"\" class=\"wp-image-760\" srcset=\"https:\/\/deloin.fr\/typote\/wp-content\/uploads\/2021\/11\/4606452236_219812bd52_o-1024x768.png 1024w, https:\/\/deloin.fr\/typote\/wp-content\/uploads\/2021\/11\/4606452236_219812bd52_o-300x225.png 300w, https:\/\/deloin.fr\/typote\/wp-content\/uploads\/2021\/11\/4606452236_219812bd52_o-768x576.png 768w, https:\/\/deloin.fr\/typote\/wp-content\/uploads\/2021\/11\/4606452236_219812bd52_o-1536x1152.png 1536w, https:\/\/deloin.fr\/typote\/wp-content\/uploads\/2021\/11\/4606452236_219812bd52_o-1568x1176.png 1568w, https:\/\/deloin.fr\/typote\/wp-content\/uploads\/2021\/11\/4606452236_219812bd52_o.png 1600w\" sizes=\"auto, (max-width: 1024px) 100vw, 1024px\" \/><figcaption class=\"wp-element-caption\">Chaque tiroir r\u00e9v\u00e9lait un monstre d\u00e9coup\u00e9 dans du papier (virtuel)<\/figcaption><\/figure>\n\n\n\n<p>J&rsquo;adorais mettre en sc\u00e8ne des poup\u00e9es virtuelles fig\u00e9es dans des positions expressionnistes<\/p>\n\n\n\n<figure class=\"wp-block-image size-large\"><img loading=\"lazy\" decoding=\"async\" width=\"1024\" height=\"768\" src=\"https:\/\/typote.art\/wp-content\/uploads\/2021\/11\/4605885199_a7fb5cd439_o-1024x768.png\" alt=\"\" class=\"wp-image-764\" srcset=\"https:\/\/deloin.fr\/typote\/wp-content\/uploads\/2021\/11\/4605885199_a7fb5cd439_o-1024x768.png 1024w, https:\/\/deloin.fr\/typote\/wp-content\/uploads\/2021\/11\/4605885199_a7fb5cd439_o-300x225.png 300w, https:\/\/deloin.fr\/typote\/wp-content\/uploads\/2021\/11\/4605885199_a7fb5cd439_o-768x576.png 768w, https:\/\/deloin.fr\/typote\/wp-content\/uploads\/2021\/11\/4605885199_a7fb5cd439_o-1536x1152.png 1536w, https:\/\/deloin.fr\/typote\/wp-content\/uploads\/2021\/11\/4605885199_a7fb5cd439_o-1568x1176.png 1568w, https:\/\/deloin.fr\/typote\/wp-content\/uploads\/2021\/11\/4605885199_a7fb5cd439_o.png 1600w\" sizes=\"auto, (max-width: 1024px) 100vw, 1024px\" \/><figcaption class=\"wp-element-caption\">Je ne me souviens plus dans quelle exposition \u00e9tait ce monsieur affol\u00e9 \u00e0 chapeau, cela s&rsquo;appelait \u00ab\u00a0Loss of identity\u00a0\u00bb<\/figcaption><\/figure>\n\n\n\n<p><\/p>\n","protected":false},"excerpt":{"rendered":"<p>Second Life, installations virtuelles \u00e0 fins artistiques D\u00e9cembre 2021 J&rsquo;uploade un d\u00e9but de collection de NFTs dans Opensea : https:\/\/opensea.io\/collection\/typote-collection A partir de ces NFTs J&rsquo;ouvre une petite galerie virtuelle de NFTs qui fonctionne dans votre navigateur : https:\/\/oncyber.io\/typote Une autre galerie toute en cubes plus destin\u00e9e aux amateurs de metaverses : Typote | Cryptovoxels &hellip; <\/p>\n<p class=\"link-more\"><a href=\"https:\/\/deloin.fr\/typote\/expos\/\" class=\"more-link\">Continuer la lecture <span class=\"screen-reader-text\"> \u00ab\u00a0Second Life\u00a0\u00bb<\/span><\/a><\/p>\n","protected":false},"author":1,"featured_media":0,"parent":0,"menu_order":0,"comment_status":"closed","ping_status":"closed","template":"","meta":{"footnotes":""},"class_list":["post-740","page","type-page","status-publish","hentry","entry"],"jetpack_sharing_enabled":true,"jetpack_likes_enabled":true,"_links":{"self":[{"href":"https:\/\/deloin.fr\/typote\/wp-json\/wp\/v2\/pages\/740","targetHints":{"allow":["GET"]}}],"collection":[{"href":"https:\/\/deloin.fr\/typote\/wp-json\/wp\/v2\/pages"}],"about":[{"href":"https:\/\/deloin.fr\/typote\/wp-json\/wp\/v2\/types\/page"}],"author":[{"embeddable":true,"href":"https:\/\/deloin.fr\/typote\/wp-json\/wp\/v2\/users\/1"}],"replies":[{"embeddable":true,"href":"https:\/\/deloin.fr\/typote\/wp-json\/wp\/v2\/comments?post=740"}],"version-history":[{"count":1,"href":"https:\/\/deloin.fr\/typote\/wp-json\/wp\/v2\/pages\/740\/revisions"}],"predecessor-version":[{"id":3074,"href":"https:\/\/deloin.fr\/typote\/wp-json\/wp\/v2\/pages\/740\/revisions\/3074"}],"wp:attachment":[{"href":"https:\/\/deloin.fr\/typote\/wp-json\/wp\/v2\/media?parent=740"}],"curies":[{"name":"wp","href":"https:\/\/api.w.org\/{rel}","templated":true}]}}