{"id":793,"date":"2011-03-10T12:10:43","date_gmt":"2011-03-10T11:10:43","guid":{"rendered":"http:\/\/vincentnesler.wordpress.com\/?page_id=2"},"modified":"2024-12-29T16:25:42","modified_gmt":"2024-12-29T15:25:42","slug":"about","status":"publish","type":"page","link":"https:\/\/deloin.fr\/typote\/","title":{"rendered":"Accueil"},"content":{"rendered":"\n<p>Je ne sais pas comment vous \u00eates arriv\u00e9 ici, mais si vous avez suivi un algorithme, c&rsquo;\u00e9tait un algorithme de traverse. Alors bienvenue \u00e0 la campagne.<\/p>\n\n\n\n<p>Ici, Je laisse place \u00e0 une imagination qui ne veut appartenir \u00e0 personne. Surtout pas professionnalis\u00e9e, institutionnalis\u00e9e. Bref c&rsquo;est mon site pour me faire plaisir. Donc baladez-vous dans mon fatras. <\/p>\n\n\n<p><img loading=\"lazy\" decoding=\"async\" class=\"alignnone wp-image-583 size-full\" src=\"http:\/\/deloin.fr\/typote\/wp-content\/uploads\/2021\/10\/delointete.png\" alt=\"\" width=\"1020\" height=\"300\" data-temp-aztec-id=\"d3bfa34a-bf20-43ee-a19a-e8159475e1c9\" srcset=\"https:\/\/deloin.fr\/typote\/wp-content\/uploads\/2021\/10\/delointete.png 1020w, https:\/\/deloin.fr\/typote\/wp-content\/uploads\/2021\/10\/delointete-300x88.png 300w, https:\/\/deloin.fr\/typote\/wp-content\/uploads\/2021\/10\/delointete-768x226.png 768w\" sizes=\"auto, (max-width: 1020px) 100vw, 1020px\" \/><\/p>","protected":false},"excerpt":{"rendered":"<p>Je ne sais pas comment vous \u00eates arriv\u00e9 ici, mais si vous avez suivi un algorithme, c&rsquo;\u00e9tait un algorithme de traverse. Alors bienvenue \u00e0 la campagne. Ici, Je laisse place \u00e0 une imagination qui ne veut appartenir \u00e0 personne. Surtout pas professionnalis\u00e9e, institutionnalis\u00e9e. Bref c&rsquo;est mon site pour me faire plaisir. Donc baladez-vous dans mon &hellip; <\/p>\n<p class=\"link-more\"><a href=\"https:\/\/deloin.fr\/typote\/\" class=\"more-link\">Continuer la lecture <span class=\"screen-reader-text\"> \u00ab\u00a0Accueil\u00a0\u00bb<\/span><\/a><\/p>\n","protected":false},"author":1,"featured_media":0,"parent":0,"menu_order":0,"comment_status":"open","ping_status":"open","template":"","meta":{"footnotes":""},"class_list":["post-793","page","type-page","status-publish","hentry","entry"],"jetpack_sharing_enabled":true,"jetpack_likes_enabled":true,"_links":{"self":[{"href":"https:\/\/deloin.fr\/typote\/wp-json\/wp\/v2\/pages\/793","targetHints":{"allow":["GET"]}}],"collection":[{"href":"https:\/\/deloin.fr\/typote\/wp-json\/wp\/v2\/pages"}],"about":[{"href":"https:\/\/deloin.fr\/typote\/wp-json\/wp\/v2\/types\/page"}],"author":[{"embeddable":true,"href":"https:\/\/deloin.fr\/typote\/wp-json\/wp\/v2\/users\/1"}],"replies":[{"embeddable":true,"href":"https:\/\/deloin.fr\/typote\/wp-json\/wp\/v2\/comments?post=793"}],"version-history":[{"count":6,"href":"https:\/\/deloin.fr\/typote\/wp-json\/wp\/v2\/pages\/793\/revisions"}],"predecessor-version":[{"id":3146,"href":"https:\/\/deloin.fr\/typote\/wp-json\/wp\/v2\/pages\/793\/revisions\/3146"}],"wp:attachment":[{"href":"https:\/\/deloin.fr\/typote\/wp-json\/wp\/v2\/media?parent=793"}],"curies":[{"name":"wp","href":"https:\/\/api.w.org\/{rel}","templated":true}]}}